{"id":2294,"date":"2022-04-20T12:51:52","date_gmt":"2022-04-20T10:51:52","guid":{"rendered":"https:\/\/ong-education.miix.dev\/confidentialite\/"},"modified":"2022-04-21T08:31:18","modified_gmt":"2022-04-21T06:31:18","slug":"confidentialite","status":"publish","type":"page","link":"https:\/\/ong-education.miix.dev\/fr\/confidentialite\/","title":{"rendered":"Confidentialit\u00e9"},"content":{"rendered":"[vc_row type=\u00a0\u00bbin_container\u00a0\u00bb full_screen_row_position=\u00a0\u00bbmiddle\u00a0\u00bb column_margin=\u00a0\u00bbdefault\u00a0\u00bb column_direction=\u00a0\u00bbdefault\u00a0\u00bb column_direction_tablet=\u00a0\u00bbdefault\u00a0\u00bb column_direction_phone=\u00a0\u00bbdefault\u00a0\u00bb scene_position=\u00a0\u00bbcenter\u00a0\u00bb text_color=\u00a0\u00bbdark\u00a0\u00bb text_align=\u00a0\u00bbleft\u00a0\u00bb row_border_radius=\u00a0\u00bbnone\u00a0\u00bb row_border_radius_applies=\u00a0\u00bbbg\u00a0\u00bb overflow=\u00a0\u00bbvisible\u00a0\u00bb overlay_strength=\u00a0\u00bb0.3&Prime; gradient_direction=\u00a0\u00bbleft_to_right\u00a0\u00bb shape_divider_position=\u00a0\u00bbbottom\u00a0\u00bb bg_image_animation=\u00a0\u00bbnone\u00a0\u00bb][vc_column column_padding=\u00a0\u00bbno-extra-padding\u00a0\u00bb column_padding_tablet=\u00a0\u00bbinherit\u00a0\u00bb column_padding_phone=\u00a0\u00bbinherit\u00a0\u00bb column_padding_position=\u00a0\u00bball\u00a0\u00bb column_element_spacing=\u00a0\u00bbdefault\u00a0\u00bb background_color_opacity=\u00a0\u00bb1&Prime; background_hover_color_opacity=\u00a0\u00bb1&Prime; column_shadow=\u00a0\u00bbnone\u00a0\u00bb column_border_radius=\u00a0\u00bbnone\u00a0\u00bb column_link_target=\u00a0\u00bb_self\u00a0\u00bb column_position=\u00a0\u00bbdefault\u00a0\u00bb gradient_direction=\u00a0\u00bbleft_to_right\u00a0\u00bb overlay_strength=\u00a0\u00bb0.3&Prime; width=\u00a0\u00bb1\/1&Prime; tablet_width_inherit=\u00a0\u00bbdefault\u00a0\u00bb tablet_text_alignment=\u00a0\u00bbdefault\u00a0\u00bb phone_text_alignment=\u00a0\u00bbdefault\u00a0\u00bb animation_type=\u00a0\u00bbdefault\u00a0\u00bb bg_image_animation=\u00a0\u00bbnone\u00a0\u00bb border_type=\u00a0\u00bbsimple\u00a0\u00bb column_border_width=\u00a0\u00bbnone\u00a0\u00bb column_border_style=\u00a0\u00bbsolid\u00a0\u00bb][vc_column_text]<span style=\"color: #591e31;\">Stichting ONG Education, situ\u00e9e \u00e0 Keizersgracht 6 H 1015 CN Amsterdam, Pays-Bas, est responsable du traitement des donn\u00e9es \u00e0 caract\u00e8re personnel tel que d\u00e9fini dans la pr\u00e9sente d\u00e9claration de confidentialit\u00e9.<\/span><\/p>\n<p><span style=\"color: #591e31;\">Coordonn\u00e9es de contact :<\/span><\/p>\n<p><span style=\"color: #591e31;\"><a style=\"color: #591e31;\" href=\"https:\/\/ong-education.miix.dev\/fr\/\">https:\/\/ong-education.miix.dev <\/a><\/span><\/p>\n<p><span style=\"color: #591e31;\">Keizersgracht 6 H<\/span><br \/>\n<span style=\"color: #591e31;\">1015 CN Amsterdam<\/span><br \/>\n<span style=\"color: #591e31;\">Pays-Bas +31 (0) 20 6223089<\/span><br \/>\n<span style=\"color: #591e31;\">KvK: 68968272<\/span><\/p>\n<p><span style=\"color: #591e31;\">M.W. van den Bergh est le d\u00e9l\u00e9gu\u00e9 \u00e0 la protection des donn\u00e9es de la Stichting ONG Education.<\/span><br \/>\n<span style=\"color: #591e31;\">Il peut \u00eatre joint \u00e0 l&rsquo;adresse suivante : mwvandenbergh@gmail.com<\/span><\/p>\n<p><span style=\"color: #591e31;\"><strong>Donn\u00e9es personnelles que nous traitons<\/strong><\/span><br \/>\n<span style=\"color: #591e31;\">Stichting ONG Education traite vos donn\u00e9es personnelles parce que vous utilisez nos services et\/ou parce que vous nous fournissez vous-m\u00eame ces donn\u00e9es.<\/span><br \/>\n<span style=\"color: #591e31;\">Vous trouverez ci-dessous un aper\u00e7u des donn\u00e9es personnelles que nous traitons :<\/span><\/p>\n<p><span style=\"color: #591e31;\"><strong>Donn\u00e9es personnelles sp\u00e9ciales et\/ou sensibles que nous traitons<\/strong><\/span><br \/>\n<span style=\"color: #591e31;\">Notre site web et\/ou service n&rsquo;a pas l&rsquo;intention de collecter des donn\u00e9es sur les visiteurs du site web qui ont moins de 16 ans. Sauf s&rsquo;ils ont la permission des parents ou des tuteurs. Cependant, nous ne pouvons pas v\u00e9rifier si un visiteur est \u00e2g\u00e9 de plus de 16 ans. Cependant, nous ne pouvons pas v\u00e9rifier si un visiteur a plus de 16 ans. Nous encourageons donc les parents \u00e0 s&rsquo;impliquer dans les activit\u00e9s en ligne de leurs enfants afin de s&rsquo;assurer qu&rsquo;aucune donn\u00e9e n&rsquo;est collect\u00e9e \u00e0 leur sujet sans leur autorisation. Si vous \u00eates convaincu que nous avons collect\u00e9 des donn\u00e9es personnelles sur un mineur sans ce consentement, veuillez nous contacter \u00e0 l&rsquo;adresse stichtingongeducation@gmail.com et nous supprimerons ces informations.<\/span><\/p>\n<p><span style=\"color: #591e31;\"><strong>Dans quel but et sur quelle base traitons-nous les donn\u00e9es personnelles ?<\/strong><\/span><br \/>\n<span style=\"color: #591e31;\">Stichting ONG Education traite vos donn\u00e9es personnelles aux fins suivantes :<\/span><\/p>\n<p><span style=\"color: #591e31;\"><strong>Prise de d\u00e9cision automatis\u00e9e<\/strong><\/span><br \/>\n<span style=\"color: #591e31;\">Stichting ONG Education ne prend pas de d\u00e9cisions sur la base d&rsquo;un traitement automatis\u00e9 qui pourrait avoir des cons\u00e9quences (importantes) pour les personnes. Il s&rsquo;agit de d\u00e9cisions prises par des programmes ou des syst\u00e8mes informatiques, sans qu&rsquo;un \u00eatre humain (par exemple un employ\u00e9 de la Stichting ONG Education) soit impliqu\u00e9. Stichting ONG Education utilise les programmes ou syst\u00e8mes informatiques suivants :<\/span><\/p>\n<ul>\n<li><span style=\"color: #591e31;\">Pour les employ\u00e9s, leurs ordinateurs personnels<\/span><\/li>\n<li><span style=\"color: #591e31;\">Le site web est h\u00e9berg\u00e9 par WordPress et les outils associ\u00e9s.<\/span><\/li>\n<\/ul>\n<p><span style=\"color: #591e31;\"><strong>Partage des donn\u00e9es personnelles avec des tiers<\/strong><\/span><br \/>\n<span style=\"color: #591e31;\">Stichting ONG Education ne fournit des informations qu&rsquo;\u00e0 des tiers et uniquement si cela est n\u00e9cessaire pour l&rsquo;ex\u00e9cution de notre contrat avec vous ou pour satisfaire \u00e0 une obligation l\u00e9gale.<\/span><\/p>\n<p><span style=\"color: #591e31;\"><strong>Cookies, ou technologies similaires, que nous utilisons<\/strong><\/span><br \/>\n<span style=\"color: #591e31;\">Stichting ONG Education utilise uniquement des cookies techniques et fonctionnels, ainsi que des cookies analytiques qui ne portent pas atteinte \u00e0 votre vie priv\u00e9e. Un cookie est un petit fichier texte qui est stock\u00e9 sur votre ordinateur, tablette ou smartphone lors de votre premi\u00e8re visite sur ce site web. Les cookies que nous utilisons sont n\u00e9cessaires au fonctionnement technique du site web et \u00e0 votre confort. Ils veillent \u00e0 ce que le site web fonctionne correctement et se souviennent, par exemple, de vos pr\u00e9f\u00e9rences. Cela nous permet \u00e9galement d&rsquo;optimiser notre site web. Vous pouvez refuser les cookies en configurant votre navigateur Internet de mani\u00e8re \u00e0 ce qu&rsquo;il ne stocke plus de cookies. En outre, vous pouvez supprimer toutes les informations pr\u00e9c\u00e9demment enregistr\u00e9es via les param\u00e8tres de votre navigateur.<\/span><\/p>\n<p><span style=\"color: #591e31;\"><strong>Visualisation, modification ou suppression de donn\u00e9es<\/strong><\/span><br \/>\n<span style=\"color: #591e31;\">Vous avez le droit d&rsquo;acc\u00e9der \u00e0 vos donn\u00e9es personnelles, de les corriger ou de les supprimer. Vous avez \u00e9galement le droit de retirer votre consentement au traitement des donn\u00e9es ou de vous opposer au traitement de vos donn\u00e9es personnelles par Stichting ONG Education et vous avez le droit \u00e0 la portabilit\u00e9 des donn\u00e9es. Cela signifie que vous pouvez nous demander d&rsquo;envoyer les donn\u00e9es personnelles dont nous disposons \u00e0 votre sujet dans un fichier informatique \u00e0 vous-m\u00eame ou \u00e0 une autre organisation que vous aurez d\u00e9sign\u00e9e. Vous pouvez envoyer une demande d&rsquo;acc\u00e8s, de rectification, d&rsquo;effacement, de modification des donn\u00e9es ou une demande de retrait de votre consentement ou une objection au traitement de vos donn\u00e9es personnelles \u00e0 stichtingongeducation@gmail.com. Pour s&rsquo;assurer que la demande d&rsquo;inspection est faite par vous, veuillez joindre \u00e0 la demande une copie de votre preuve d&rsquo;identit\u00e9. Dans cette copie, veillez \u00e0 ce que votre photo d&rsquo;identit\u00e9, la MRZ (zone de lecture automatique), le num\u00e9ro de passeport et le num\u00e9ro de service du citoyen (BSN) soient en noir. Ceci afin de prot\u00e9ger votre vie priv\u00e9e. Nous r\u00e9pondrons \u00e0 votre demande d\u00e8s que possible, mais dans un d\u00e9lai de quatre semaines. Stichting ONG Education tient \u00e9galement \u00e0 souligner que vous avez la possibilit\u00e9 d&rsquo;introduire une plainte aupr\u00e8s de l&rsquo;autorit\u00e9 de contr\u00f4le nationale, l&rsquo;autorit\u00e9 n\u00e9erlandaise de protection des donn\u00e9es. Dat kan via de volgende link: <a style=\"color: #591e31;\" href=\"https:\/\/autoriteitpersoonsgegevens.nl\/nl\/contact-met-de-autoriteit-persoonsgegevens\/tip-ons\">https:\/\/autoriteitpersoonsgegevens.nl\/nl\/contact-met-de-autoriteit-persoonsgegevens\/tip-ons<\/a><\/span><\/p>\n<p><span style=\"color: #591e31;\"><strong>Comment nous s\u00e9curisons les donn\u00e9es personnelles<\/strong><\/span><br \/>\n<span style=\"color: #591e31;\">Stcihting ONG Education prend au s\u00e9rieux la protection de vos donn\u00e9es et prend des mesures appropri\u00e9es pour \u00e9viter toute utilisation abusive, perte, acc\u00e8s non autoris\u00e9, divulgation non souhait\u00e9e et modification non autoris\u00e9e. Si vous estimez que vos donn\u00e9es ne sont pas correctement s\u00e9curis\u00e9es ou qu&rsquo;il existe des indices d&rsquo;une utilisation abusive, veuillez contacter Bram Poldervaart ou Michiel van den Bergh ou via stichtingongeducation@gmail.com.<\/span><\/p>\n<p><span style=\"color: #591e31;\"><strong>Les donn\u00e9es \u00e0 caract\u00e8re personnel d\u00e9tenues par nos syst\u00e8mes, la mani\u00e8re dont nous les utilisons et la dur\u00e9e de leur conservation.<\/strong><\/span><br \/>\n<span style=\"color: #591e31;\">Nom et pr\u00e9nom<\/span><\/p>\n<ul>\n<li><span style=\"color: #591e31;\">Adresse e-mail<\/span><\/li>\n<li><span style=\"color: #591e31;\">Num\u00e9ro de compte bancaire<\/span><\/li>\n<li><span style=\"color: #591e31;\">Traitement de votre paiement<\/span><\/li>\n<li><span style=\"color: #591e31;\">Envoi de notre newsletter et\/ou de notre brochure publicitaire<\/span><\/li>\n<li><span style=\"color: #591e31;\">vous informer si cela est n\u00e9cessaire \u00e0 l&rsquo;ex\u00e9cution de nos services.<\/span><\/li>\n<\/ul>\n<p><span style=\"color: #591e31;\">Stichting ONG Education ne conservera pas vos donn\u00e9es personnelles plus longtemps que ce qui est strictement n\u00e9cessaire pour r\u00e9aliser les objectifs pour lesquels vos donn\u00e9es sont collect\u00e9es. Nous appliquons les p\u00e9riodes de conservation suivantes pour les (cat\u00e9gories) de donn\u00e9es personnelles suivantes :<\/span><br \/>\n<span style=\"color: #591e31;\">Nous conserverons votre adresse e-mail et vos nom et pr\u00e9nom pendant un maximum de 5 ans afin de vous tenir inform\u00e9 de nos activit\u00e9s et de vous permettre de soutenir financi\u00e8rement ou autrement certains projets de notre Fondation. Si vous ne souhaitez pas cela, veuillez nous envoyer une demande de d\u00e9sabonnement par e-mail : stichtingongeducation@gmail.com.<\/span><\/p>\n<p><span style=\"color: #591e31;\">Stichting ONG Education.<\/span><\/p>\n<p><span style=\"color: #591e31;\">Abraham Poldervaart (Pr\u00e9sident)<\/span><br \/>\n<span style=\"color: #591e31;\">Michiel van den Bergh (Secr\u00e9taire)<\/span><br \/>\n<span style=\"color: #591e31;\">Hans Baaij (tr\u00e9sorier)<\/span>[\/vc_column_text][\/vc_column][\/vc_row]\n","protected":false},"excerpt":{"rendered":"<p>[vc_row type=\u00a0\u00bbin_container\u00a0\u00bb full_screen_row_position=\u00a0\u00bbmiddle\u00a0\u00bb column_margin=\u00a0\u00bbdefault\u00a0\u00bb column_direction=\u00a0\u00bbdefault\u00a0\u00bb column_direction_tablet=\u00a0\u00bbdefault\u00a0\u00bb column_direction_phone=\u00a0\u00bbdefault\u00a0\u00bb scene_position=\u00a0\u00bbcenter\u00a0\u00bb text_color=\u00a0\u00bbdark\u00a0\u00bb text_align=\u00a0\u00bbleft\u00a0\u00bb row_border_radius=\u00a0\u00bbnone\u00a0\u00bb row_border_radius_applies=\u00a0\u00bbbg\u00a0\u00bb overflow=\u00a0\u00bbvisible\u00a0\u00bb overlay_strength=\u00a0\u00bb0.3&Prime; gradient_direction=\u00a0\u00bbleft_to_right\u00a0\u00bb shape_divider_position=\u00a0\u00bbbottom\u00a0\u00bb bg_image_animation=\u00a0\u00bbnone\u00a0\u00bb][vc_column column_padding=\u00a0\u00bbno-extra-padding\u00a0\u00bb column_padding_tablet=\u00a0\u00bbinherit\u00a0\u00bb column_padding_phone=\u00a0\u00bbinherit\u00a0\u00bb column_padding_position=\u00a0\u00bball\u00a0\u00bb column_element_spacing=\u00a0\u00bbdefault\u00a0\u00bb background_color_opacity=\u00a0\u00bb1&Prime; background_hover_color_opacity=\u00a0\u00bb1&Prime; column_shadow=\u00a0\u00bbnone\u00a0\u00bb column_border_radius=\u00a0\u00bbnone\u00a0\u00bb column_link_target=\u00a0\u00bb_self\u00a0\u00bb column_position=\u00a0\u00bbdefault\u00a0\u00bb gradient_direction=\u00a0\u00bbleft_to_right\u00a0\u00bb overlay_strength=\u00a0\u00bb0.3&Prime; width=\u00a0\u00bb1\/1&Prime; tablet_width_inherit=\u00a0\u00bbdefault\u00a0\u00bb tablet_text_alignment=\u00a0\u00bbdefault\u00a0\u00bb phone_text_alignment=\u00a0\u00bbdefault\u00a0\u00bb animation_type=\u00a0\u00bbdefault\u00a0\u00bb bg_image_animation=\u00a0\u00bbnone\u00a0\u00bb border_type=\u00a0\u00bbsimple\u00a0\u00bb column_border_width=\u00a0\u00bbnone\u00a0\u00bb column_border_style=\u00a0\u00bbsolid\u00a0\u00bb][vc_column_text]Stichting ONG Education, situ\u00e9e \u00e0 Keizersgracht 6 H 1015 CN Amsterdam, Pays-Bas, est responsable du traitement des donn\u00e9es \u00e0 caract\u00e8re personnel tel&#8230;<\/p>\n","protected":false},"author":6,"featured_media":0,"parent":0,"menu_order":0,"comment_status":"closed","ping_status":"closed","template":"","meta":{"footnotes":""},"class_list":["post-2294","page","type-page","status-publish"],"_links":{"self":[{"href":"https:\/\/ong-education.miix.dev\/fr\/wp-json\/wp\/v2\/pages\/2294","targetHints":{"allow":["GET"]}}],"collection":[{"href":"https:\/\/ong-education.miix.dev\/fr\/wp-json\/wp\/v2\/pages"}],"about":[{"href":"https:\/\/ong-education.miix.dev\/fr\/wp-json\/wp\/v2\/types\/page"}],"author":[{"embeddable":true,"href":"https:\/\/ong-education.miix.dev\/fr\/wp-json\/wp\/v2\/users\/6"}],"replies":[{"embeddable":true,"href":"https:\/\/ong-education.miix.dev\/fr\/wp-json\/wp\/v2\/comments?post=2294"}],"version-history":[{"count":0,"href":"https:\/\/ong-education.miix.dev\/fr\/wp-json\/wp\/v2\/pages\/2294\/revisions"}],"wp:attachment":[{"href":"https:\/\/ong-education.miix.dev\/fr\/wp-json\/wp\/v2\/media?parent=2294"}],"curies":[{"name":"wp","href":"https:\/\/api.w.org\/{rel}","templated":true}]}}