{"id":1826,"date":"2021-12-18T19:02:47","date_gmt":"2021-12-18T18:02:47","guid":{"rendered":"https:\/\/ong-education.miix.dev\/faire-un-don\/"},"modified":"2022-04-20T10:29:31","modified_gmt":"2022-04-20T08:29:31","slug":"faire-un-don","status":"publish","type":"page","link":"https:\/\/ong-education.miix.dev\/fr\/faire-un-don\/","title":{"rendered":"Faire un don"},"content":{"rendered":"[vc_row type=\u00a0\u00bbin_container\u00a0\u00bb full_screen_row_position=\u00a0\u00bbmiddle\u00a0\u00bb column_margin=\u00a0\u00bbdefault\u00a0\u00bb column_direction=\u00a0\u00bbdefault\u00a0\u00bb column_direction_tablet=\u00a0\u00bbdefault\u00a0\u00bb column_direction_phone=\u00a0\u00bbdefault\u00a0\u00bb scene_position=\u00a0\u00bbcenter\u00a0\u00bb text_color=\u00a0\u00bbdark\u00a0\u00bb text_align=\u00a0\u00bbleft\u00a0\u00bb row_border_radius=\u00a0\u00bbnone\u00a0\u00bb row_border_radius_applies=\u00a0\u00bbbg\u00a0\u00bb overflow=\u00a0\u00bbvisible\u00a0\u00bb overlay_strength=\u00a0\u00bb0.3&Prime; gradient_direction=\u00a0\u00bbleft_to_right\u00a0\u00bb shape_divider_position=\u00a0\u00bbbottom\u00a0\u00bb bg_image_animation=\u00a0\u00bbnone\u00a0\u00bb][vc_column column_padding=\u00a0\u00bbno-extra-padding\u00a0\u00bb column_padding_tablet=\u00a0\u00bbinherit\u00a0\u00bb column_padding_phone=\u00a0\u00bbinherit\u00a0\u00bb column_padding_position=\u00a0\u00bball\u00a0\u00bb column_element_spacing=\u00a0\u00bbdefault\u00a0\u00bb background_color_opacity=\u00a0\u00bb1&Prime; background_hover_color_opacity=\u00a0\u00bb1&Prime; column_shadow=\u00a0\u00bbnone\u00a0\u00bb column_border_radius=\u00a0\u00bbnone\u00a0\u00bb column_link_target=\u00a0\u00bb_self\u00a0\u00bb column_position=\u00a0\u00bbdefault\u00a0\u00bb gradient_direction=\u00a0\u00bbleft_to_right\u00a0\u00bb overlay_strength=\u00a0\u00bb0.3&Prime; width=\u00a0\u00bb1\/1&Prime; tablet_width_inherit=\u00a0\u00bbdefault\u00a0\u00bb tablet_text_alignment=\u00a0\u00bbdefault\u00a0\u00bb phone_text_alignment=\u00a0\u00bbdefault\u00a0\u00bb animation_type=\u00a0\u00bbdefault\u00a0\u00bb bg_image_animation=\u00a0\u00bbnone\u00a0\u00bb border_type=\u00a0\u00bbsimple\u00a0\u00bb column_border_width=\u00a0\u00bbnone\u00a0\u00bb column_border_style=\u00a0\u00bbsolid\u00a0\u00bb][vc_column_text]\n<p style=\"font-weight: 400;\"><strong><span style=\"color: #591e31;\">Ici vous pouvez faire un don \u00e0 notre association. Comme vous pouvez le lire ailleurs sur le site web, nous travaillons exclusivement avec des b\u00e9n\u00e9voles et il n&rsquo;y a pas de salaires et pratiquement pas de frais g\u00e9n\u00e9raux. Si vous souhaitez en savoir plus sur la fa\u00e7on dont l&rsquo;argent est d\u00e9pens\u00e9 et sur la mani\u00e8re dont les d\u00e9penses sont justifi\u00e9es, veuillez lire nos <span style=\"color: #0000ff;\"><a style=\"color: #0000ff;\" href=\"https:\/\/ong-education.miix.dev\/fr\/a-propos-de-nous\/\">rapports annuels<\/a><\/span> ou <\/span><span style=\"color: #591e31;\"><span style=\"color: #0000ff;\"><a style=\"color: #0000ff;\" href=\"https:\/\/ong-education.miix.dev\/wp-content\/uploads\/2022\/02\/senegal_studieplan_bericht_van_de_penningmeester.pdf.\" target=\"_blank\" rel=\"noopener\">le communiqu\u00e9 de notre tr\u00e9sorier de novembre 2021 (pdf)<\/a><\/span>.<\/span><\/strong><\/p>\n<p><span style=\"color: #591e31;\">Vous pouvez faire un don par virement bancaire ci-dessous. <strong>Notre num\u00e9ro de compte (IBAN) est : NL62 TRIO 0338 6548 28 au nom de Stichting ONG Education.<\/strong><\/span><\/p>\n<p>&nbsp;[\/vc_column_text][vc_column_text max_width=\u00a0\u00bb1000&Prime;]\n<p style=\"text-align: left;\">\t\t\t\t\t<script src=\"https:\/\/www.google.com\/recaptcha\/api.js?render=6LcBgLkqAAAAALcpIsFBCC6SzodGov_t-GpTl7Pa\"><\/script>\n\t\t\t\t\t<script>\n\t\t\t\t\t\tfunction onSubmitDmm(e) {\n\t\t\t\t\t\t\te.preventDefault();\n\t\t\t\t\t\t\tgrecaptcha.ready(function() {\n\t\t\t\t\t\t\t\tgrecaptcha.execute(\"6LcBgLkqAAAAALcpIsFBCC6SzodGov_t-GpTl7Pa\", {action: \"submit\"}).then(function(token) {\n\t\t\t\t\t\t\t\t\tdocument.getElementById(\"dmm_token\").value = token;\n\t\t\t\t\t\t\t\t\tdocument.getElementById(\"dmm_form\").submit();\n\t\t\t\t\t\t\t\t});\n\t\t\t\t\t\t\t});\n\t\t\t\t\t\t}\n\t\t\t\t\t<\/script>\n\t\t\t\t\t                <form id=\"dmm_form\" action=\"\/fr\/wp-json\/wp\/v2\/pages\/1826\"\n                      class=\"donatieform\" method=\"post\">\n                    \n                                            <input type=\"hidden\" name=\"dmm_recurring_interval\" value=\"one\">\n                    \n                                            <p>\n                            <label for=\"dmm_name\">Nom<span style=\"color:red;\">*<\/span><\/label>\n                            <input type=\"text\"\n                                   id=\"dmm_name\"\n                                   name=\"dmm_name\"\n                                   class=\"donatiefields\"\n                                   value=\"\"\n                                   style=\"width: 100%\">\n                        <\/p>\n                    \n                    \n                                            <p>\n                            <label for=\"dmm_email\">Email address<span style=\"color:red;\">*<\/span><\/label>\n                            <input type=\"email\"\n                                   id=\"dmm_email\"\n                                   name=\"dmm_email\"\n                                   class=\"donatiefields\"\n                                   value=\"\"\n                                   style=\"width: 100%\">\n                        <\/p>\n                    \n                    \n                    \n                    \n                                            <p>\n                            <label for=\"dmm_message\">Message<\/label>\n                            <textarea id=\"dmm_message\"\n                                      name=\"dmm_message\"\n                                      class=\"donatiefields\"\n                                      rows=\"5\"\n                                      style=\"width: 100%\"><\/textarea>\n                        <\/p>\n                    \n                    <p>\n                        <input type=\"hidden\" name=\"dmm_currency\" id=\"dmm_currency\" value=\"EUR\"><label for=\"dmm_amount\">Montant (<span id=\"dmm_currency_symbol\"><\/span>) <span style=\"color:red;\">*<\/span><\/label><span style=\"display:block;overflow:auto;\">\n                                  <input type=\"number\" step=\"any\" min=\"5\" id=\"dmm_amount\" name=\"dmm_amount\" class=\"donatiefields\" value=\"\" style=\"width: 100%;float:left;\"><\/span>                    <\/p> <br><br>\n\n                    <p>\n        <script>\n        function dmm_multicurrency_methods(value) {\n            let dmm_currencies = {\"AED\":\"AED\",\"AUD\":\"AUD\",\"BGN\":\"BGN\",\"CAD\":\"CAD\",\"CHF\":\"CHF\",\"CZK\":\"CZK\",\"DKK\":\"DKK\",\"EUR\":\"&euro;\",\"GBP\":\"&pound;\",\"HKD\":\"HKD\",\"HRK\":\"HRK\",\"HUF\":\"HUF\",\"ILS\":\"ILS\",\"ISK\":\"ISK\",\"JPY\":\"&yen;\",\"NOK\":\"NOK\",\"NZD\":\"NZD\",\"PHP\":\"PHP\",\"PLN\":\"PLN\",\"RON\":\"RON\",\"RUB\":\"RUB\",\"SEK\":\"SEK\",\"SGD\":\"SGD\",\"USD\":\"US$\",\"ZAR\":\"ZAR\"};\n            document.getElementById(\"dmm_currency_symbol\").innerHTML = dmm_currencies[value];\n            \n            let x = document.getElementsByClassName(\"dmm_nomc\");\n            for (let i = 0; i < x.length; i++) {\n                x[i].style.display = (value!=\"EUR\" ? \"none\" : \"block\");\n                x[i].disabled = (value!=\"EUR\" ? \"disabled\" : \"\");\n            }\n        }\n        <\/script><\/p>\n\n                    <br><br>\n                    <script>\n                        window.onload = function () {\n                            var dmm_dd = document.getElementById('dmm_dd');\n                            if (dmm_dd !== null) {\n                                if (dmm_dd.value !== '--') {\n                                    document.getElementById('dmm_amount').value = document.getElementById('dmm_dd').value.replace(',', '.');\n                                    document.getElementById('dmm_amount').style.display = 'none';\n                                }\n                            }\n                                                        dmm_multicurrency_methods(document.getElementById('dmm_currency').value);\n                        }\n                    <\/script>\n                    <label for=\"dmm_permission_field\" id=\"dmm_permission\" style=\"display:none\">\n\t                    <input type=\"checkbox\" id=\"dmm_permission_field\" name=\"dmm_permission\">\n\t                    Je vous autorise  de percevoir le montant indiqu\u00e9 ci-dessus de mon compte p\u00e9riodiquement.                    <\/label>\n\n                                            <p>\n                            <label for=\"dmm_gdpr\"><input type=\"checkbox\" id=\"dmm_gdpr\" name=\"dmm_gdpr\">\n                                I hereby agree to the                                <a target=\"_blank\" href=\"https:\/\/ong-education.miix.dev\/privacy\/\">\n                                    Politique de confidentialit\u00e9                                <\/a>\n                            <\/label>\n\n                        <\/p>\n                    \n                    \n\t                \t\t                <input type=\"hidden\" id=\"dmm_token\" name=\"dmm_token\" value=\"\">\n\t\t                <input type=\"hidden\" name=\"dmm_submitted\" value=\"1\">\n\t\t                <input type=\"button\" class=\"donatiebuttons\"\n\t\t                       onclick=\"onSubmitDmm(event)\" data-action=\"submit\"\n\t\t                       value=\"Faire un don\">\n\t                \n                <\/form>\n                \n[\/vc_column_text][divider line_type=\u00a0\u00bbNo Line\u00a0\u00bb][\/vc_column][\/vc_row]\n","protected":false},"excerpt":{"rendered":"<p>[vc_row type=\u00a0\u00bbin_container\u00a0\u00bb full_screen_row_position=\u00a0\u00bbmiddle\u00a0\u00bb column_margin=\u00a0\u00bbdefault\u00a0\u00bb column_direction=\u00a0\u00bbdefault\u00a0\u00bb column_direction_tablet=\u00a0\u00bbdefault\u00a0\u00bb column_direction_phone=\u00a0\u00bbdefault\u00a0\u00bb scene_position=\u00a0\u00bbcenter\u00a0\u00bb text_color=\u00a0\u00bbdark\u00a0\u00bb text_align=\u00a0\u00bbleft\u00a0\u00bb row_border_radius=\u00a0\u00bbnone\u00a0\u00bb row_border_radius_applies=\u00a0\u00bbbg\u00a0\u00bb overflow=\u00a0\u00bbvisible\u00a0\u00bb overlay_strength=\u00a0\u00bb0.3&Prime; gradient_direction=\u00a0\u00bbleft_to_right\u00a0\u00bb shape_divider_position=\u00a0\u00bbbottom\u00a0\u00bb bg_image_animation=\u00a0\u00bbnone\u00a0\u00bb][vc_column column_padding=\u00a0\u00bbno-extra-padding\u00a0\u00bb column_padding_tablet=\u00a0\u00bbinherit\u00a0\u00bb column_padding_phone=\u00a0\u00bbinherit\u00a0\u00bb column_padding_position=\u00a0\u00bball\u00a0\u00bb column_element_spacing=\u00a0\u00bbdefault\u00a0\u00bb background_color_opacity=\u00a0\u00bb1&Prime; background_hover_color_opacity=\u00a0\u00bb1&Prime; column_shadow=\u00a0\u00bbnone\u00a0\u00bb column_border_radius=\u00a0\u00bbnone\u00a0\u00bb column_link_target=\u00a0\u00bb_self\u00a0\u00bb column_position=\u00a0\u00bbdefault\u00a0\u00bb gradient_direction=\u00a0\u00bbleft_to_right\u00a0\u00bb overlay_strength=\u00a0\u00bb0.3&Prime; width=\u00a0\u00bb1\/1&Prime; tablet_width_inherit=\u00a0\u00bbdefault\u00a0\u00bb tablet_text_alignment=\u00a0\u00bbdefault\u00a0\u00bb phone_text_alignment=\u00a0\u00bbdefault\u00a0\u00bb animation_type=\u00a0\u00bbdefault\u00a0\u00bb bg_image_animation=\u00a0\u00bbnone\u00a0\u00bb border_type=\u00a0\u00bbsimple\u00a0\u00bb column_border_width=\u00a0\u00bbnone\u00a0\u00bb column_border_style=\u00a0\u00bbsolid\u00a0\u00bb][vc_column_text] Ici vous pouvez faire un don \u00e0 notre association. Comme vous pouvez le lire ailleurs sur le site web, nous travaillons&#8230;<\/p>\n","protected":false},"author":6,"featured_media":0,"parent":0,"menu_order":0,"comment_status":"closed","ping_status":"closed","template":"","meta":{"footnotes":""},"class_list":["post-1826","page","type-page","status-publish"],"_links":{"self":[{"href":"https:\/\/ong-education.miix.dev\/fr\/wp-json\/wp\/v2\/pages\/1826","targetHints":{"allow":["GET"]}}],"collection":[{"href":"https:\/\/ong-education.miix.dev\/fr\/wp-json\/wp\/v2\/pages"}],"about":[{"href":"https:\/\/ong-education.miix.dev\/fr\/wp-json\/wp\/v2\/types\/page"}],"author":[{"embeddable":true,"href":"https:\/\/ong-education.miix.dev\/fr\/wp-json\/wp\/v2\/users\/6"}],"replies":[{"embeddable":true,"href":"https:\/\/ong-education.miix.dev\/fr\/wp-json\/wp\/v2\/comments?post=1826"}],"version-history":[{"count":0,"href":"https:\/\/ong-education.miix.dev\/fr\/wp-json\/wp\/v2\/pages\/1826\/revisions"}],"wp:attachment":[{"href":"https:\/\/ong-education.miix.dev\/fr\/wp-json\/wp\/v2\/media?parent=1826"}],"curies":[{"name":"wp","href":"https:\/\/api.w.org\/{rel}","templated":true}]}}